{"id":1881,"date":"2025-06-10T19:06:47","date_gmt":"2025-06-10T19:06:47","guid":{"rendered":"https:\/\/www.monmouth.edu\/graduate\/?page_id=1881"},"modified":"2025-09-30T10:10:32","modified_gmt":"2025-09-30T14:10:32","slug":"international-policing","status":"publish","type":"page","link":"https:\/\/www.monmouth.edu\/graduate\/masters-criminal-justice\/international-policing\/","title":{"rendered":"International Policing"},"content":{"rendered":"\n<p>Each summer, students have the opportunity to travel and gain firsthand knowledge of the Criminal Justice system on a global level when they enroll in <strong>CJ 598: International Policing, Safety, and Leadership<\/strong>, taught by Professor Douglas S. Collier and Dr. Brian Lockwood.<\/p>\n\n\n\n<div style=\"height:60px\" aria-hidden=\"true\" class=\"wp-block-spacer\"><\/div>\n\n\n\n<div class=\"wp-block-media-text has-media-on-the-right is-stacked-on-mobile is-image-fill-element is-style-bracket\"><div class=\"wp-block-media-text__content\"><h2 class=\"wp-block-heading\" id=\"the-london-experience\"><strong>The London Experience<\/strong><\/h2>\n\n\n<p>In collaboration with the New Jersey State Association of Chiefs of Police (NJSACOP) and personnel from the UK College of Policing, students in the criminal justice graduate program can gain exposure to international policing through a Summer study abroad experience. Students meet with officials of the US Embassy in London, New Scotland Yard, the National Police Coordination Centre, and Tottenham Hotspur stadium. Visiting these locations and interacting with UK officials provides students with valuable networking opportunities and an unforgettable global education experience.<\/p>\n<\/div><figure class=\"wp-block-media-text__media\"><img loading=\"lazy\" decoding=\"async\" width=\"1024\" height=\"768\" src=\"https:\/\/www.monmouth.edu\/graduate\/wp-content\/uploads\/sites\/1219\/2025\/06\/2022-CJ-Class-Pic-London-Group-1024x768.jpg\" alt=\"Group of around 20 men and women standing outside New Scotland Yard.\" class=\"wp-image-1883 size-full\" style=\"object-position:50% 50%\" srcset=\"https:\/\/www.monmouth.edu\/graduate\/wp-content\/uploads\/sites\/1219\/2025\/06\/2022-CJ-Class-Pic-London-Group-1024x768.jpg 1024w, https:\/\/www.monmouth.edu\/graduate\/wp-content\/uploads\/sites\/1219\/2025\/06\/2022-CJ-Class-Pic-London-Group-300x225.jpg 300w, https:\/\/www.monmouth.edu\/graduate\/wp-content\/uploads\/sites\/1219\/2025\/06\/2022-CJ-Class-Pic-London-Group-768x576.jpg 768w, https:\/\/www.monmouth.edu\/graduate\/wp-content\/uploads\/sites\/1219\/2025\/06\/2022-CJ-Class-Pic-London-Group-150x113.jpg 150w, https:\/\/www.monmouth.edu\/graduate\/wp-content\/uploads\/sites\/1219\/2025\/06\/2022-CJ-Class-Pic-London-Group.jpg 1200w\" sizes=\"auto, (max-width: 1024px) 100vw, 1024px\" \/><\/figure><\/div>\n\n\n\n<div style=\"height:60px\" aria-hidden=\"true\" class=\"wp-block-spacer\"><\/div>\n\n\n<h2 class=\"wp-block-heading\" id=\"quantico-virginia\"><strong>Quantico<\/strong>, Virginia<\/h2>\n\n\n<p>Students experience a two-day trip to Quantico, Virginia to tour the elite federal law enforcement training academies of the Drug Enforcement Administration (DEA) and Federal Bureau of Investigation (FBI). During the trip, students attend presentations from Special Agents, Intelligence Research Analysts, Diversion Investigators, Program Analysts, Crime Scene Technicians, Laboratory Scientists, and many more. Students will also visit Hogan\u2019s Alley, a realistic tactical training facility for the DEA and FBI.<\/p>\n\n\n<h2 class=\"wp-block-heading\" id=\"dublin-ireland\">Dublin, Ireland<\/h2>\n\n\n<p>This course is a joint program with the New Jersey State Association of Chiefs of Police (NJSACOP) and the Garda S\u00edoch\u00e1na (also commonly referred to as the Garda\u00ed) which is the national police force in the Republic of Ireland. The name Garda S\u00edoch\u00e1na in English means Guardians of the Peace.\u00a0Once you complete the trip and course, you will receive a Certificate of Completion from the (NJSACOP).<\/p>\n\n\n\n<p>For more information, please contact <a rel=\"noreferrer noopener\" href=\"https:\/\/www.monmouth.edu\/directory\/profiles\/douglas-collier\/\" target=\"_blank\">Professor Doug Collier<\/a>. Additional fees required for travel expenses.<\/p>\n\n\n<div><span id=\"expander-1881\"><\/span><\/div>\n\n\n<div class=\"wp-block-group alignfull sock has-white-color has-shadow-blue-background-color has-text-color has-background has-link-color wp-elements-25ce4856a39684e942b6735323f0a7f9 is-layout-constrained wp-block-group-is-layout-constrained\">\n<h2 class=\"wp-block-heading has-white-color has-text-color has-link-color wp-elements-bb77d92ab3d8436babc3b828277d9fa8\">Take the Next Step<\/h2>\n\n\n\n<div class=\"wp-block-columns is-layout-flex wp-container-core-columns-is-layout-9d6595d7 wp-block-columns-is-layout-flex\">\n<div class=\"wp-block-column is-layout-flow wp-block-column-is-layout-flow\">\n<h3 class=\"wp-block-heading has-white-color has-text-color has-link-color wp-elements-db52b6963d82d94c21ac8818dcd1b1d6\">Apply Now<\/h3>\n\n\n\n<p>Ready to apply to Monmouth\u2019s master\u2019s in criminal justice? Start your application today.<\/p>\n\n\n\n<div class=\"wp-block-buttons is-layout-flex wp-block-buttons-is-layout-flex\">\n<div class=\"wp-block-button is-style-hero\"><a class=\"wp-block-button__link has-shadow-blue-color has-white-background-color has-text-color has-background has-link-color wp-element-button\" href=\"https:\/\/apply.monmouth.edu\/apply\/\">Apply Now<\/a><\/div>\n<\/div>\n<\/div>\n\n\n\n<div class=\"wp-block-column is-layout-flow wp-block-column-is-layout-flow\">\n<h3 class=\"wp-block-heading has-white-color has-text-color has-link-color wp-elements-52c88850973c3a7ad15e138bc742949c\">Keep Exploring<\/h3>\n\n\n\n<div class=\"wp-block-buttons is-vertical is-layout-flex wp-container-core-buttons-is-layout-8cf370e7 wp-block-buttons-is-layout-flex\">\n<div class=\"wp-block-button is-style-in-page-link request-info\"><a class=\"wp-block-button__link has-white-color has-text-color has-link-color wp-element-button\" href=\"https:\/\/apply.monmouth.edu\/register\/?id=25d6b6fd-ccac-4be7-8220-8f4d0fed9816\">Request Info<\/a><\/div>\n\n\n\n<div class=\"wp-block-button is-style-in-page-link request-event\"><a class=\"wp-block-button__link has-white-color has-text-color has-link-color wp-element-button\" href=\"https:\/\/apply.monmouth.edu\/register\/?id=25d6b6fd-ccac-4be7-8220-8f4d0fed9816\">Attend an Event<\/a><\/div>\n<\/div>\n<\/div>\n<\/div>\n\n\n\n<script>const programStrings = ['Criminal'];<\/script>\n<\/div>\n","protected":false},"excerpt":{"rendered":"<p>Each summer, students have the opportunity to travel and gain firsthand knowledge of the Criminal Justice system on a global level when they enroll in CJ 598: International Policing, Safety, and Leadership, taught by Professor Douglas S. Collier and Dr. Brian Lockwood. The London Experience In collaboration with the New Jersey State Association of Chiefs [&hellip;]<\/p>\n","protected":false},"author":11,"featured_media":0,"parent":639,"menu_order":0,"comment_status":"closed","ping_status":"closed","template":"","meta":{"_mu_eop_enabled":false,"_mu_eop_name":"","_mu_eop_name_override":false,"_mu_eop_description":"","_mu_eop_description_override":false,"_mu_eop_url":"","_mu_eop_url_override":false,"_mu_eop_program_type":"","_mu_eop_educational_credential":"","_mu_eop_time_to_complete":"","_mu_eop_number_of_credits":"","_mu_eop_occupational_category":"","_mu_eop_occupational_category_code":"","_mu_eop_program_prerequisites":"","_mu_eop_application_deadline":"","_mu_eop_application_start_date":"","_mu_eop_start_date":"","_mu_eop_end_date":"","_mu_eop_day_of_week":"","_mu_eop_time_of_day":"","_mu_eop_educational_program_mode":"","_mu_eop_financial_aid_eligible":"","_mu_eop_maximum_enrollment":"","_mu_eop_offers_price":"","_mu_eop_offers_currency":"USD","_mu_eop_offers_price_per":"","_mu_eop_offers_preset":"","_mu_eop_salary_upon_completion":"","_mu_eop_training_salary":"","_mu_eop_recognized_by_name":"","_mu_eop_recognized_by_url":"","_mu_eop_concentrations":"","_mu_eop_identifier_cip":"","_mu_eop_provider_name":"","_mu_eop_provider_name_override":false,"_mu_eop_provider_url":"","_mu_eop_provider_address":"","_mu_eop_provider_city":"","_mu_eop_provider_state":"","_mu_eop_provider_zip":"","_mu_eop_provider_country":"","footnotes":""},"class_list":["post-1881","page","type-page","status-publish","hentry"],"yoast_head":"<!-- This site is optimized with the Yoast SEO plugin v27.4 - https:\/\/yoast.com\/product\/yoast-seo-wordpress\/ -->\n<title>International Policing | Graduate Studies  | Monmouth University | New Jersey<\/title>\n<meta name=\"robots\" content=\"index, follow, max-snippet:-1, max-image-preview:large, max-video-preview:-1\" \/>\n<link rel=\"canonical\" href=\"https:\/\/www.monmouth.edu\/graduate\/masters-criminal-justice\/international-policing\/\" \/>\n<meta property=\"og:locale\" content=\"en_US\" \/>\n<meta property=\"og:type\" content=\"article\" \/>\n<meta property=\"og:title\" content=\"International Policing | Graduate Studies\" \/>\n<meta property=\"og:description\" content=\"Each summer, students have the opportunity to travel and gain firsthand knowledge of the Criminal Justice system on a global level when they enroll in CJ 598: International Policing, Safety, and Leadership, taught by Professor Douglas S. Collier and Dr. Brian Lockwood. The London Experience In collaboration with the New Jersey State Association of Chiefs [&hellip;]\" \/>\n<meta property=\"og:url\" content=\"https:\/\/www.monmouth.edu\/graduate\/masters-criminal-justice\/international-policing\/\" \/>\n<meta property=\"og:site_name\" content=\"Graduate Studies\" \/>\n<meta property=\"article:modified_time\" content=\"2025-09-30T14:10:32+00:00\" \/>\n<meta property=\"og:image\" content=\"https:\/\/www.monmouth.edu\/graduate\/wp-content\/uploads\/sites\/1219\/2025\/06\/2022-CJ-Class-Pic-London-Group.jpg\" \/>\n\t<meta property=\"og:image:width\" content=\"1200\" \/>\n\t<meta property=\"og:image:height\" content=\"900\" \/>\n\t<meta property=\"og:image:type\" content=\"image\/jpeg\" \/>\n<meta name=\"twitter:card\" content=\"summary_large_image\" \/>\n<meta name=\"twitter:label1\" content=\"Est. reading time\" \/>\n\t<meta name=\"twitter:data1\" content=\"2 minutes\" \/>\n<script type=\"application\/ld+json\" class=\"yoast-schema-graph\">{\"@context\":\"https:\\\/\\\/schema.org\",\"@graph\":[{\"@type\":\"WebPage\",\"@id\":\"https:\\\/\\\/www.monmouth.edu\\\/graduate\\\/masters-criminal-justice\\\/international-policing\\\/\",\"url\":\"https:\\\/\\\/www.monmouth.edu\\\/graduate\\\/masters-criminal-justice\\\/international-policing\\\/\",\"name\":\"International Policing | Graduate Studies\",\"isPartOf\":{\"@id\":\"https:\\\/\\\/www.monmouth.edu\\\/graduate\\\/#website\"},\"primaryImageOfPage\":{\"@id\":\"https:\\\/\\\/www.monmouth.edu\\\/graduate\\\/masters-criminal-justice\\\/international-policing\\\/#primaryimage\"},\"image\":{\"@id\":\"https:\\\/\\\/www.monmouth.edu\\\/graduate\\\/masters-criminal-justice\\\/international-policing\\\/#primaryimage\"},\"thumbnailUrl\":\"https:\\\/\\\/www.monmouth.edu\\\/graduate\\\/wp-content\\\/uploads\\\/sites\\\/1219\\\/2025\\\/06\\\/2022-CJ-Class-Pic-London-Group-1024x768.jpg\",\"datePublished\":\"2025-06-10T19:06:47+00:00\",\"dateModified\":\"2025-09-30T14:10:32+00:00\",\"breadcrumb\":{\"@id\":\"https:\\\/\\\/www.monmouth.edu\\\/graduate\\\/masters-criminal-justice\\\/international-policing\\\/#breadcrumb\"},\"inLanguage\":\"en-US\",\"potentialAction\":[{\"@type\":\"ReadAction\",\"target\":[\"https:\\\/\\\/www.monmouth.edu\\\/graduate\\\/masters-criminal-justice\\\/international-policing\\\/\"]}]},{\"@type\":\"ImageObject\",\"inLanguage\":\"en-US\",\"@id\":\"https:\\\/\\\/www.monmouth.edu\\\/graduate\\\/masters-criminal-justice\\\/international-policing\\\/#primaryimage\",\"url\":\"https:\\\/\\\/www.monmouth.edu\\\/graduate\\\/wp-content\\\/uploads\\\/sites\\\/1219\\\/2025\\\/06\\\/2022-CJ-Class-Pic-London-Group.jpg\",\"contentUrl\":\"https:\\\/\\\/www.monmouth.edu\\\/graduate\\\/wp-content\\\/uploads\\\/sites\\\/1219\\\/2025\\\/06\\\/2022-CJ-Class-Pic-London-Group.jpg\",\"width\":1200,\"height\":900},{\"@type\":\"BreadcrumbList\",\"@id\":\"https:\\\/\\\/www.monmouth.edu\\\/graduate\\\/masters-criminal-justice\\\/international-policing\\\/#breadcrumb\",\"itemListElement\":[{\"@type\":\"ListItem\",\"position\":1,\"name\":\"Home\",\"item\":\"https:\\\/\\\/www.monmouth.edu\\\/graduate\\\/\"},{\"@type\":\"ListItem\",\"position\":2,\"name\":\"MA in Criminal Justice\",\"item\":\"https:\\\/\\\/www.monmouth.edu\\\/graduate\\\/masters-criminal-justice\\\/\"},{\"@type\":\"ListItem\",\"position\":3,\"name\":\"International Policing\"}]},{\"@type\":\"WebSite\",\"@id\":\"https:\\\/\\\/www.monmouth.edu\\\/graduate\\\/#website\",\"url\":\"https:\\\/\\\/www.monmouth.edu\\\/graduate\\\/\",\"name\":\"Graduate Studies\",\"description\":\"\",\"potentialAction\":[{\"@type\":\"SearchAction\",\"target\":{\"@type\":\"EntryPoint\",\"urlTemplate\":\"https:\\\/\\\/www.monmouth.edu\\\/graduate\\\/?s={search_term_string}\"},\"query-input\":{\"@type\":\"PropertyValueSpecification\",\"valueRequired\":true,\"valueName\":\"search_term_string\"}}],\"inLanguage\":\"en-US\"}]}<\/script>\n<!-- \/ Yoast SEO plugin. -->","yoast_head_json":{"title":"International Policing | Graduate Studies  | Monmouth University | New Jersey","robots":{"index":"index","follow":"follow","max-snippet":"max-snippet:-1","max-image-preview":"max-image-preview:large","max-video-preview":"max-video-preview:-1"},"canonical":"https:\/\/www.monmouth.edu\/graduate\/masters-criminal-justice\/international-policing\/","og_locale":"en_US","og_type":"article","og_title":"International Policing | Graduate Studies","og_description":"Each summer, students have the opportunity to travel and gain firsthand knowledge of the Criminal Justice system on a global level when they enroll in CJ 598: International Policing, Safety, and Leadership, taught by Professor Douglas S. Collier and Dr. Brian Lockwood. The London Experience In collaboration with the New Jersey State Association of Chiefs [&hellip;]","og_url":"https:\/\/www.monmouth.edu\/graduate\/masters-criminal-justice\/international-policing\/","og_site_name":"Graduate Studies","article_modified_time":"2025-09-30T14:10:32+00:00","og_image":[{"width":1200,"height":900,"url":"https:\/\/www.monmouth.edu\/graduate\/wp-content\/uploads\/sites\/1219\/2025\/06\/2022-CJ-Class-Pic-London-Group.jpg","type":"image\/jpeg"}],"twitter_card":"summary_large_image","twitter_misc":{"Est. reading time":"2 minutes"},"schema":{"@context":"https:\/\/schema.org","@graph":[{"@type":"WebPage","@id":"https:\/\/www.monmouth.edu\/graduate\/masters-criminal-justice\/international-policing\/","url":"https:\/\/www.monmouth.edu\/graduate\/masters-criminal-justice\/international-policing\/","name":"International Policing | Graduate Studies","isPartOf":{"@id":"https:\/\/www.monmouth.edu\/graduate\/#website"},"primaryImageOfPage":{"@id":"https:\/\/www.monmouth.edu\/graduate\/masters-criminal-justice\/international-policing\/#primaryimage"},"image":{"@id":"https:\/\/www.monmouth.edu\/graduate\/masters-criminal-justice\/international-policing\/#primaryimage"},"thumbnailUrl":"https:\/\/www.monmouth.edu\/graduate\/wp-content\/uploads\/sites\/1219\/2025\/06\/2022-CJ-Class-Pic-London-Group-1024x768.jpg","datePublished":"2025-06-10T19:06:47+00:00","dateModified":"2025-09-30T14:10:32+00:00","breadcrumb":{"@id":"https:\/\/www.monmouth.edu\/graduate\/masters-criminal-justice\/international-policing\/#breadcrumb"},"inLanguage":"en-US","potentialAction":[{"@type":"ReadAction","target":["https:\/\/www.monmouth.edu\/graduate\/masters-criminal-justice\/international-policing\/"]}]},{"@type":"ImageObject","inLanguage":"en-US","@id":"https:\/\/www.monmouth.edu\/graduate\/masters-criminal-justice\/international-policing\/#primaryimage","url":"https:\/\/www.monmouth.edu\/graduate\/wp-content\/uploads\/sites\/1219\/2025\/06\/2022-CJ-Class-Pic-London-Group.jpg","contentUrl":"https:\/\/www.monmouth.edu\/graduate\/wp-content\/uploads\/sites\/1219\/2025\/06\/2022-CJ-Class-Pic-London-Group.jpg","width":1200,"height":900},{"@type":"BreadcrumbList","@id":"https:\/\/www.monmouth.edu\/graduate\/masters-criminal-justice\/international-policing\/#breadcrumb","itemListElement":[{"@type":"ListItem","position":1,"name":"Home","item":"https:\/\/www.monmouth.edu\/graduate\/"},{"@type":"ListItem","position":2,"name":"MA in Criminal Justice","item":"https:\/\/www.monmouth.edu\/graduate\/masters-criminal-justice\/"},{"@type":"ListItem","position":3,"name":"International Policing"}]},{"@type":"WebSite","@id":"https:\/\/www.monmouth.edu\/graduate\/#website","url":"https:\/\/www.monmouth.edu\/graduate\/","name":"Graduate Studies","description":"","potentialAction":[{"@type":"SearchAction","target":{"@type":"EntryPoint","urlTemplate":"https:\/\/www.monmouth.edu\/graduate\/?s={search_term_string}"},"query-input":{"@type":"PropertyValueSpecification","valueRequired":true,"valueName":"search_term_string"}}],"inLanguage":"en-US"}]}},"_links":{"self":[{"href":"https:\/\/www.monmouth.edu\/graduate\/wp-json\/wp\/v2\/pages\/1881","targetHints":{"allow":["GET"]}}],"collection":[{"href":"https:\/\/www.monmouth.edu\/graduate\/wp-json\/wp\/v2\/pages"}],"about":[{"href":"https:\/\/www.monmouth.edu\/graduate\/wp-json\/wp\/v2\/types\/page"}],"author":[{"embeddable":true,"href":"https:\/\/www.monmouth.edu\/graduate\/wp-json\/wp\/v2\/users\/11"}],"replies":[{"embeddable":true,"href":"https:\/\/www.monmouth.edu\/graduate\/wp-json\/wp\/v2\/comments?post=1881"}],"version-history":[{"count":6,"href":"https:\/\/www.monmouth.edu\/graduate\/wp-json\/wp\/v2\/pages\/1881\/revisions"}],"predecessor-version":[{"id":5372,"href":"https:\/\/www.monmouth.edu\/graduate\/wp-json\/wp\/v2\/pages\/1881\/revisions\/5372"}],"up":[{"embeddable":true,"href":"https:\/\/www.monmouth.edu\/graduate\/wp-json\/wp\/v2\/pages\/639"}],"wp:attachment":[{"href":"https:\/\/www.monmouth.edu\/graduate\/wp-json\/wp\/v2\/media?parent=1881"}],"curies":[{"name":"wp","href":"https:\/\/api.w.org\/{rel}","templated":true}]}}