{"id":107,"date":"2018-06-11T14:45:19","date_gmt":"2018-06-11T18:45:19","guid":{"rendered":"https:\/\/www.monmouth.edu\/department-of-history-and-anthropology\/field-research-opportunities\/"},"modified":"2025-04-28T11:10:55","modified_gmt":"2025-04-28T15:10:55","slug":"field-research-opportunities","status":"publish","type":"page","link":"https:\/\/www.monmouth.edu\/department-of-history-and-anthropology\/field-research-opportunities\/","title":{"rendered":"Field Research Opportunities"},"content":{"rendered":"\n<p>Field research is an integral part to both historical and anthropological research. This includes ethnographic fieldwork, archaeological investigations, and documentary research. The following links include field research opportunities for Monmouth University students. These opportunities include Monmouth-sponsored field schools as well as external opportunities. If you are interested in opportunities offered by Monmouth University, contact the individuals listed below. If you are interested in participating in opportunities offered by other institutions, please contact <a href=\"mailto:rveit@monmouth.edu\">Dr. Rich Veit<\/a> or your advisor.<\/p>\n\n\n\n<ul class=\"wp-block-list\">\n<li><a title=\"Opportunities at Monmouth University\" href=\"#MU_opps\">Opportunities at Monmouth University<\/a><\/li>\n\n\n\n<li><a title=\"External opportunities\" href=\"#Extern_opps\">External opportunities<\/a><\/li>\n<\/ul>\n\n\n\n<hr class=\"wp-block-separator has-alpha-channel-opacity\"\/>\n\n\n<h2 class=\"wp-block-heading\" id=\"opportunities-at-monmouth-university\"><a id=\"MU_opps\" class=\"anchorMargin\" title=\"MU_opps\" name=\"MU_opps\"><\/a>Opportunities at Monmouth University<\/h2>\n\n<h3 class=\"wp-block-heading\" id=\"archaeological-field-research\">Archaeological Field Research<\/h3>\n\n\n<figure class=\"wp-block-image alignright is-resized\"><img decoding=\"async\" src=\"https:\/\/www.monmouth.edu\/department-of-history-and-anthropology\/wp-content\/uploads\/sites\/525\/2018\/06\/field20school2018.jpg\" alt=\"field school 2018\" style=\"width:423px;height:auto\" title=\"field school 2018\"\/><\/figure>\n\n\n\n<p><strong>Monmouth University Field School in Archaeology<\/strong><\/p>\n\n\n\n<p>Archaeological Field School<\/p>\n\n\n\n<p><strong>Professor:<\/strong> <a title=\"Summer Field School\" href=\"mailto:rveit@monmouth.edu?subject=Sandy Hook Lighthouse Field Research\">Richard Veit<\/a><\/p>\n\n\n\n<p><strong>Location:<\/strong> Morristown National Historical Park<\/p>\n\n\n\n<p><strong>Project Description:<\/strong> This is a cooperative project between Monmouth University, Rutgers Newark, and the National Park Service.&nbsp; The project is directed by Richard Veit, Adam Heinrich, and Lee Slater.&nbsp; Fieldwork will focus on Continental Encampments from the winter of 1779-1780.<\/p>\n\n\n\n<p>This is a three-credit course and may be taken for undergraduate or graduate credit (AN\/HS 315, AN\/HS 520).&nbsp; It also fulfills Monmouth University\u2019s experiential education requirement (ExEd).&nbsp; The course is held on Saturdays in Summer Session B, which runs from May 22nd to June 30th.&nbsp; There are no prerequisites for this course.<br>Students will learn basic archaeological field methods and will develop skills that will prepare them to work on an archaeological field crew.&nbsp; Skills taught include:<\/p>\n\n\n\n<ul class=\"wp-block-list\">\n<li>Surface survey with map and compass and total station<\/li>\n\n\n\n<li>Excavation of shovel tests and excavation units<\/li>\n\n\n\n<li>Identification and cataloging of historic artifacts<\/li>\n\n\n\n<li>Artifact photography<\/li>\n\n\n\n<li>Report preparation<\/li>\n<\/ul>\n\n\n\n<p>For more information contact <a title=\"Sandy Hook Lighthouse Summer Field School\" href=\"mailto:rveit@monmouth.edu?subject=Sandy Hook Lighthouse Field Research\">Dr. Richard Veit<\/a> or 732-263-5699. Download the <a title=\"field school 2018\" href=\"https:\/\/www.monmouth.edu\/department-of-history-and-anthropology\/documents\/archaeological-field-school-2018-flier.pdf\" target=\"_blank\" rel=\"noopener noreferrer\">flyer<\/a>.<\/p>\n\n\n\n<p><strong>Credits:<\/strong> Undergraduate AN\/HS 398, Graduate AN\/HS 520 (3 credits)<\/p>\n\n\n\n<p><strong>Dates:<\/strong> Summer B May 22 &#8211; June 30, 2018 (Six Saturdays) (9 a.m. &#8211; 5 p.m.)<\/p>\n\n\n<h3 class=\"wp-block-heading\" id=\"international-archaeology-class\">International Archaeology Class<\/h3>\n\n\n<p><strong>People and Cultures of the Caribbean: Study Trip to Jamaica <\/strong><\/p>\n\n\n\n<p><strong>Professor:<\/strong> <a title=\"Study Trip to Jamaica Summer Field School\" href=\"mailto:rveit@monmouth.edu?subject=Study Trip to Jamaica\">Richard Veit<\/a><\/p>\n\n\n\n<p><strong>Location:<\/strong> Jamaica<\/p>\n\n\n\n<p><strong>Project Description:<\/strong> People and Cultures of the Caribbean (Jamaica) offers the opportunity to explore Caribbean history and archaeology firsthand. Students travel to Falmouth, Jamaica, one of the Caribbean\u2019s best preserved Georgian towns and participate in archaeological excavations and documentation at the Orange Valley Slave hospital. Other significant historic sites visited include Stewart Castle, Port Royal, and sugar and coffee plantations. Students will gain an enriched understanding of the history and archaeology of the Caribbean.<\/p>\n\n\n\n<p>For more information contact <a title=\"Study Trip to Jamaica\" href=\"mailto:rveit@monmouth.edu?subject=Study Trip to Jamaica\">Dr. Richard Veit<\/a> or 732-263-5699<\/p>\n\n\n\n<p><strong>Cost:<\/strong> Tuition + $1,500 Fee for Room, Board, and In-Country Transportation<\/p>\n\n\n\n<p><strong>Dates:<\/strong> Summer Session A, May 13 &#8211; 20, 2016 (3 credits)<\/p>\n\n\n<h3 class=\"wp-block-heading\" id=\"ethnographic-field-research\">Ethnographic Field Research<\/h3>\n\n\n<p>None are available at this time.<\/p>\n\n\n\n<hr class=\"wp-block-separator has-alpha-channel-opacity\"\/>\n\n\n\n<p><a id=\"Extern_opps\" class=\"anchorMargin\" title=\"Extern_opps\" name=\"Extern_opps\"><\/a><\/p>\n\n\n<h2 class=\"wp-block-heading\" id=\"external-opportunities\">External Opportunities<\/h2>\n\n<h3 class=\"wp-block-heading\" id=\"open-school-for-ethnography-and-anthropology\"><a title=\"Open School for Ethnography and Anthropology\" href=\"http:\/\/osea-cite.org\/\" target=\"_blank\" rel=\"noopener noreferrer\">Open School for Ethnography and Anthropology<\/a><\/h3>\n\n\n<p><strong>Project Contact:<\/strong> <a href=\"mailto:contact@osea-cite.org\">contact@osea-cite.org<\/a><\/p>\n\n\n\n<p><strong>Project Description:<\/strong> OSEA Field School Programs are based in Pist\u00e9 and Maya communities surrounding Chich\u00e9n Itz\u00e1, one of the new Seven Wonders of the World.<\/p>\n\n\n<h3 class=\"wp-block-heading\" id=\"rutgers-university-international-service-learning-program\">Rutgers University International Service Learning Program<\/h3>\n\n\n<p><strong>Project Contact:<\/strong> Dr. <a href=\"mailto:dgoldstein@anthropology.rutgers.edu\">Daniel M. Goldstein<\/a><\/p>\n\n\n\n<p><strong>Project Description:<\/strong> Students will work directly with local communities to develop water and sanitation projects for their communities while studying and practicing anthropological research methods in the home of the Water War &#8211; Cochabamba, Bolivia.<\/p>\n\n\n<h3 class=\"wp-block-heading\" id=\"social-sciences-field-school-in-bolivia\">Social Sciences Field School in Bolivia<\/h3>\n\n\n<p><strong>Project Contact:<\/strong> Dr. <a href=\"mailto:kmcentel@olemiss.edu\">Kate McGurn Centellas<\/a><\/p>\n\n\n\n<p><strong>Project Description:<\/strong> This is a six-week program in La Paz, Bolivia, offering two integrated courses: (1) politics and culture of the Andes and (2) multidisciplinary social science methods. The field school nature of this course will be emphasized as the curriculum is integrated and predicated on active, experiential learning in multiple sites in La Paz. For instance, while discussing the social impact of the 1952 Revolution in the first course, we will visit the National Archives to search for relevant documents as well as seek out Bolivians for oral histories as assignments in the second course.<\/p>\n\n\n<h3 class=\"wp-block-heading\" id=\"university-of-arizona-in-antigua-guatemala\">University of Arizona in Antigua, Guatemala<\/h3>\n\n\n<p><strong>Project Contact:<\/strong> Dr. Jill Calderon<\/p>\n\n\n\n<p><strong>Project Description:<\/strong> At the Center for Mesoamerican Research (CIRMA) in Antigua, Guatemala, you can learn an indigenous language, study the history of Central American Revolutions from those who lived through them and create your own for-credit internship. From their rooftop classroom you&#8217;ll get an amazing view of the volcanoes that surround this beautiful colonial city<\/p>\n","protected":false},"excerpt":{"rendered":"<p>Field research is an integral part to both historical and anthropological research. This includes ethnographic fieldwork, archaeological investigations, and documentary research. The following links include field research opportunities for Monmouth University students. These opportunities include Monmouth-sponsored field schools as well as external opportunities. If you are interested in opportunities offered by Monmouth University, contact the [&hellip;]<\/p>\n","protected":false},"author":11,"featured_media":0,"parent":0,"menu_order":0,"comment_status":"closed","ping_status":"closed","template":"","meta":{"episode_type":"","audio_file":"","podmotor_file_id":"","podmotor_episode_id":"","cover_image":"","cover_image_id":"","duration":"","filesize":"","filesize_raw":"","date_recorded":"","explicit":"","block":"","itunes_episode_number":"","itunes_title":"","itunes_season_number":"","itunes_episode_type":"","_mu_eop_enabled":false,"_mu_eop_name":"","_mu_eop_name_override":false,"_mu_eop_description":"","_mu_eop_description_override":false,"_mu_eop_url":"","_mu_eop_url_override":false,"_mu_eop_program_type":"","_mu_eop_educational_credential":"","_mu_eop_time_to_complete":"","_mu_eop_number_of_credits":"","_mu_eop_occupational_category":"","_mu_eop_occupational_category_code":"","_mu_eop_program_prerequisites":"","_mu_eop_application_deadline":"","_mu_eop_application_start_date":"","_mu_eop_start_date":"","_mu_eop_end_date":"","_mu_eop_day_of_week":"","_mu_eop_time_of_day":"","_mu_eop_educational_program_mode":"","_mu_eop_financial_aid_eligible":"","_mu_eop_maximum_enrollment":"","_mu_eop_offers_price":"","_mu_eop_offers_currency":"USD","_mu_eop_offers_price_per":"","_mu_eop_offers_preset":"","_mu_eop_salary_upon_completion":"","_mu_eop_training_salary":"","_mu_eop_recognized_by_name":"","_mu_eop_recognized_by_url":"","_mu_eop_concentrations":"","_mu_eop_identifier_cip":"","_mu_eop_provider_name":"","_mu_eop_provider_name_override":false,"_mu_eop_provider_url":"","_mu_eop_provider_address":"","_mu_eop_provider_city":"","_mu_eop_provider_state":"","_mu_eop_provider_zip":"","_mu_eop_provider_country":"","footnotes":""},"class_list":["post-107","page","type-page","status-publish","hentry"],"_links":{"self":[{"href":"https:\/\/www.monmouth.edu\/department-of-history-and-anthropology\/wp-json\/wp\/v2\/pages\/107","targetHints":{"allow":["GET"]}}],"collection":[{"href":"https:\/\/www.monmouth.edu\/department-of-history-and-anthropology\/wp-json\/wp\/v2\/pages"}],"about":[{"href":"https:\/\/www.monmouth.edu\/department-of-history-and-anthropology\/wp-json\/wp\/v2\/types\/page"}],"author":[{"embeddable":true,"href":"https:\/\/www.monmouth.edu\/department-of-history-and-anthropology\/wp-json\/wp\/v2\/users\/11"}],"replies":[{"embeddable":true,"href":"https:\/\/www.monmouth.edu\/department-of-history-and-anthropology\/wp-json\/wp\/v2\/comments?post=107"}],"version-history":[{"count":24,"href":"https:\/\/www.monmouth.edu\/department-of-history-and-anthropology\/wp-json\/wp\/v2\/pages\/107\/revisions"}],"predecessor-version":[{"id":40802221760,"href":"https:\/\/www.monmouth.edu\/department-of-history-and-anthropology\/wp-json\/wp\/v2\/pages\/107\/revisions\/40802221760"}],"wp:attachment":[{"href":"https:\/\/www.monmouth.edu\/department-of-history-and-anthropology\/wp-json\/wp\/v2\/media?parent=107"}],"curies":[{"name":"wp","href":"https:\/\/api.w.org\/{rel}","templated":true}]}}